{"id":7,"date":"2022-08-18T22:33:16","date_gmt":"2022-08-18T20:33:16","guid":{"rendered":"http:\/\/demontalier-sophrologie.fr\/?page_id=7"},"modified":"2025-07-21T08:18:36","modified_gmt":"2025-07-21T06:18:36","slug":"emmanuelle-de-montalier-sophrologue","status":"publish","type":"page","link":"https:\/\/demontalier-sophrologie.fr\/","title":{"rendered":"Emmanuelle de Montalier | Sophrologue"},"content":{"rendered":"\t\t<div data-elementor-type=\"wp-page\" data-elementor-id=\"7\" class=\"elementor elementor-7\">\n\t\t\t\t\t\t<section class=\"elementor-section elementor-top-section elementor-element elementor-element-5e30825 elementor-section-boxed elementor-section-height-default elementor-section-height-default default-style\" data-id=\"5e30825\" data-element_type=\"section\" data-settings=\"{&quot;background_background&quot;:&quot;slideshow&quot;,&quot;rt_color_sets&quot;:&quot;default-style&quot;,&quot;background_slideshow_gallery&quot;:[],&quot;background_slideshow_loop&quot;:&quot;yes&quot;,&quot;background_slideshow_slide_duration&quot;:5000,&quot;background_slideshow_slide_transition&quot;:&quot;fade&quot;,&quot;background_slideshow_transition_duration&quot;:500}\">\n\t\t\t\t\t\t<div class=\"elementor-container elementor-column-gap-default\">\n\t\t\t\t\t<div class=\"elementor-column elementor-col-100 elementor-top-column elementor-element elementor-element-b98743c\" data-id=\"b98743c\" data-element_type=\"column\">\n\t\t\t<div class=\"elementor-widget-wrap\">\n\t\t\t\t\t\t\t<\/div>\n\t\t<\/div>\n\t\t\t\t\t<\/div>\n\t\t<\/section>\n\t\t\t\t<section class=\"elementor-section elementor-top-section elementor-element elementor-element-3b8d047 elementor-section-full_width rt-el-parallax-background elementor-section-height-default elementor-section-height-default default-style\" data-id=\"3b8d047\" data-element_type=\"section\" data-settings=\"{&quot;background_background&quot;:&quot;classic&quot;,&quot;rt_parallax&quot;:&quot;rt-el-parallax-background&quot;,&quot;rt_bg_parallax_effect&quot;:&quot;4&quot;,&quot;rt_color_sets&quot;:&quot;default-style&quot;,&quot;rt_bg_parallax_speed&quot;:&quot;1&quot;}\">\n\t\t\t\t\t\t<div class=\"elementor-container elementor-column-gap-default\">\n\t\t\t\t\t<div class=\"elementor-column elementor-col-100 elementor-top-column elementor-element elementor-element-709f5d8\" data-id=\"709f5d8\" data-element_type=\"column\">\n\t\t\t<div class=\"elementor-widget-wrap elementor-element-populated\">\n\t\t\t\t\t\t<div class=\"elementor-element elementor-element-a20d5ac animated-slow elementor-invisible elementor-widget elementor-widget-text-editor\" data-id=\"a20d5ac\" data-element_type=\"widget\" data-settings=\"{&quot;_animation&quot;:&quot;slideInDown&quot;}\" data-widget_type=\"text-editor.default\">\n\t\t\t\t<div class=\"elementor-widget-container\">\n\t\t\t\t\t\t\t<p><em style=\"font-size: 1.5em; color: #ffffff;\">\u201cLe plus grand voyageur n\u2019est pas celui qui a fait 10 fois le tour du monde,<br>mais celui qui a fait 1 seule fois le tour de lui-m\u00eame.\u201d<\/em><\/p><p><strong style=\"color: var( --e-global-color-text ); font-family: var( --e-global-typography-text-font-family ), Sans-serif;\"><em style=\"font-size: 1.5em; color: #ffffff;\">Gandhi<\/em><\/strong><\/p>\t\t\t\t\t\t<\/div>\n\t\t\t\t<\/div>\n\t\t\t\t\t<\/div>\n\t\t<\/div>\n\t\t\t\t\t<\/div>\n\t\t<\/section>\n\t\t\t\t<section class=\"elementor-section elementor-top-section elementor-element elementor-element-5e016b1 elementor-section-boxed elementor-section-height-default elementor-section-height-default default-style\" data-id=\"5e016b1\" data-element_type=\"section\" data-settings=\"{&quot;background_background&quot;:&quot;classic&quot;,&quot;shape_divider_bottom&quot;:&quot;curve&quot;,&quot;shape_divider_bottom_negative&quot;:&quot;yes&quot;,&quot;rt_color_sets&quot;:&quot;default-style&quot;}\">\n\t\t\t\t\t<div class=\"elementor-shape elementor-shape-bottom\" data-negative=\"true\">\n\t\t\t<svg xmlns=\"http:\/\/www.w3.org\/2000\/svg\" viewBox=\"0 0 1000 100\" preserveAspectRatio=\"none\">\n\t<path class=\"elementor-shape-fill\" d=\"M500,97C126.7,96.3,0.8,19.8,0,0v100l1000,0V1C1000,19.4,873.3,97.8,500,97z\"\/>\n<\/svg>\t\t<\/div>\n\t\t\t\t\t<div class=\"elementor-container elementor-column-gap-default\">\n\t\t\t\t\t<div class=\"elementor-column elementor-col-25 elementor-top-column elementor-element elementor-element-051cbf4\" data-id=\"051cbf4\" data-element_type=\"column\">\n\t\t\t<div class=\"elementor-widget-wrap\">\n\t\t\t\t\t\t\t<\/div>\n\t\t<\/div>\n\t\t\t\t<div class=\"elementor-column elementor-col-25 elementor-top-column elementor-element elementor-element-d1675b6\" data-id=\"d1675b6\" data-element_type=\"column\">\n\t\t\t<div class=\"elementor-widget-wrap elementor-element-populated\">\n\t\t\t\t\t\t<div class=\"elementor-element elementor-element-d557d35 elementor-widget elementor-widget-text-editor\" data-id=\"d557d35\" data-element_type=\"widget\" data-widget_type=\"text-editor.default\">\n\t\t\t\t<div class=\"elementor-widget-container\">\n\t\t\t\t\t\t\t<h1 style=\"font-size: 1.4em; margin-top: 0px;\">Emmanuelle de Montalier, Sophrologue Cayc\u00e9dienne Master Sp\u00e9cialiste \u00e0 Lille et membre du r\u00e9seau Sophro&rsquo;Atypique.<\/h1><p><strong>Le mieux-\u00eatre et la s\u00e9r\u00e9nit\u00e9, face au stress, \u00e0 nos \u00e9motions n\u00e9gatives et \u00e0 la fatigue<\/strong>.<\/p><p><a href=\"https:\/\/demontalier-sophrologie.fr\/index.php\/la-sophrologie\/\"><span style=\"text-decoration: underline;\">La sophrologie est une m\u00e9thode douce<\/span><\/a>, naturelle et efficace qui peut tous nous transformer et nous aider \u00e0 vivre plus sereinement les \u00e9preuves de la vie. La cl\u00e9 du bonheur est en nous mais nous n\u2019en avons pas toujours conscience.<\/p><p>Prenons le temps de se connecter \u00e0 nous-m\u00eame et de retrouver les ressources dont nous avons besoin<\/p>\t\t\t\t\t\t<\/div>\n\t\t\t\t<\/div>\n\t\t\t\t<div class=\"elementor-element elementor-element-f90d2c4 elementor-widget elementor-widget-rt-button\" data-id=\"f90d2c4\" data-element_type=\"widget\" data-widget_type=\"rt-button.default\">\n\t\t\t\t<div class=\"elementor-widget-container\">\n\t\t\t<a href=\"https:\/\/calendly.com\/demontaliersophrologie\/30min\" target=\"_self\" title=\"Prendre rendez-vous\" class=\"read_more  text small\"><span>Prendre rendez-vous<\/span><\/a>\t\t<\/div>\n\t\t\t\t<\/div>\n\t\t\t\t\t<\/div>\n\t\t<\/div>\n\t\t\t\t<div class=\"elementor-column elementor-col-25 elementor-top-column elementor-element elementor-element-1aae84a\" data-id=\"1aae84a\" data-element_type=\"column\">\n\t\t\t<div class=\"elementor-widget-wrap elementor-element-populated\">\n\t\t\t\t\t\t<div class=\"elementor-element elementor-element-4a93a1d elementor-widget elementor-widget-image\" data-id=\"4a93a1d\" data-element_type=\"widget\" data-widget_type=\"image.default\">\n\t\t\t\t<div class=\"elementor-widget-container\">\n\t\t\t\t\t\t\t\t\t\t\t\t\t<img fetchpriority=\"high\" decoding=\"async\" width=\"245\" height=\"289\" src=\"https:\/\/demontalier-sophrologie.fr\/wp-content\/uploads\/2025\/04\/photo-moi-site-web.png\" class=\"attachment-large size-large wp-image-1424\" alt=\"Photo Emmanuelle de Montalier\" srcset=\"https:\/\/demontalier-sophrologie.fr\/wp-content\/uploads\/2025\/04\/photo-moi-site-web.png 245w, https:\/\/demontalier-sophrologie.fr\/wp-content\/uploads\/2025\/04\/photo-moi-site-web-122x144.png 122w\" sizes=\"(max-width: 245px) 100vw, 245px\" \/>\t\t\t\t\t\t\t\t\t\t\t\t\t<\/div>\n\t\t\t\t<\/div>\n\t\t\t\t\t<\/div>\n\t\t<\/div>\n\t\t\t\t<div class=\"elementor-column elementor-col-25 elementor-top-column elementor-element elementor-element-cbd657f\" data-id=\"cbd657f\" data-element_type=\"column\">\n\t\t\t<div class=\"elementor-widget-wrap\">\n\t\t\t\t\t\t\t<\/div>\n\t\t<\/div>\n\t\t\t\t\t<\/div>\n\t\t<\/section>\n\t\t\t\t<section class=\"elementor-section elementor-top-section elementor-element elementor-element-2e999bf elementor-section-boxed elementor-section-height-default elementor-section-height-default default-style\" data-id=\"2e999bf\" data-element_type=\"section\" data-settings=\"{&quot;rt_color_sets&quot;:&quot;default-style&quot;}\">\n\t\t\t\t\t\t<div class=\"elementor-container elementor-column-gap-default\">\n\t\t\t\t\t<div class=\"elementor-column elementor-col-100 elementor-top-column elementor-element elementor-element-8d1fa09\" data-id=\"8d1fa09\" data-element_type=\"column\">\n\t\t\t<div class=\"elementor-widget-wrap elementor-element-populated\">\n\t\t\t\t\t\t<div class=\"elementor-element elementor-element-68547d7 elementor-widget elementor-widget-text-editor\" data-id=\"68547d7\" data-element_type=\"widget\" data-widget_type=\"text-editor.default\">\n\t\t\t\t<div class=\"elementor-widget-container\">\n\t\t\t\t\t\t\t<h2 style=\"margin-top: 0px; margin-bottom: 0px; text-align: center; font-size:1.4em;\">T\u00e9moignages<\/h2>\t\t\t\t\t\t<\/div>\n\t\t\t\t<\/div>\n\t\t\t\t<div class=\"elementor-element elementor-element-7a0425e elementor-widget elementor-widget-rt-testimonial-carousel\" data-id=\"7a0425e\" data-element_type=\"widget\" data-widget_type=\"rt-testimonial-carousel.default\">\n\t\t\t\t<div class=\"elementor-widget-container\">\n\t\t\t\r\n\t\t\t\t<div id=\"testimonial-dynamicID-257250\" class=\"rt-carousel carousel-holder testimonial-carousel testimonials center boxed-carousel rt_lightbox_gallery\" data-item-width=\"1\" data-nav=\"true\" data-dots=\"true\" data-margin=\"15\" data-autoplay=\"true\" data-timeout=\"6000\" data-thumbnails=\"false\" data-boxed=\"true\" data-min-height=\"\" data-padding=\"0\" data-loop=\"true\" data-tablet-item-width=\"\" data-mobile-item-width=\"\">\r\n\t\t\t\t\t<div class=\"owl-carousel\">\r\n\t\t\t\t\t\t<div class=\"boxed\"><div class=\"testimonial item\">\n\n<div class=\"text\">\n\t<span class=\"quote\">&#8220;<\/span>\n\t\tJ\u2019aimerais sp\u00e9cifiquement vous exprimer ma gratitude pour les s\u00e9ances de sophrologie que vous avez anim\u00e9es aupr\u00e8s de nos alternants. Ces s\u00e9ances ont permis \u00e0 ces jeunes de pouvoir appr\u00e9hender leurs examens avec s\u00e9r\u00e9nit\u00e9, qui\u00e9tude et tranquillit\u00e9. Votre professionnalisme, votre disponibilit\u00e9 ainsi que votre \u00e9coute ont particip\u00e9 \u00e0 leur r\u00e9ussite. Je suis tr\u00e8s ravie de cette collaboration. Merci \u00e0 vous d\u2019avoir partag\u00e9 votre expertise avec tant de g\u00e9n\u00e9rosit\u00e9 !\t\n<\/div>\n\n\n\n\t<div class=\"client-info\">\n\t\t\t<h6>Karima Chayani<\/h6>\n\t\t\t<span>Charg\u00e9e d\u2019accompagnement chez Campus Pro<\/span>\t\t\n\t\t\t\t\t\t\t\n\t\t\t\t\n\t<\/div>\n<\/div>\n<\/div><div class=\"boxed\"><div class=\"testimonial item\">\n\n<div class=\"text\">\n\t<span class=\"quote\">&#8220;<\/span>\n\t\tJ'ai souhait\u00e9 tester la sophrologie pour apprendre \u00e0 l\u00e2cher prise. Apr\u00e8s plusieurs s\u00e9ances, je me sens plus sereine et j'arrive plus facilement \u00e0 prendre du recul face \u00e0 certaines situations. J'appr\u00e9cie beaucoup les s\u00e9ances avec Emmanuelle. Elle est bienveillante, \u00e0 l'\u00e9coute et s'adapte \u00e0 notre \u00e9tat de forme et \u00e0 notre ressenti \u00e0 chaque d\u00e9but de s\u00e9ance. Je la recommande vivement !\t\n<\/div>\n\n\n\n\t<div class=\"client-info\">\n\t\t\t<h6>St\u00e9phanie Cleret<\/h6>\n\t\t\t<span>Adh\u00e9rente Club Studio Air Yoga <\/span>\t\t\n\t\t\t\t\t\t\t\n\t\t\t\t\n\t<\/div>\n<\/div>\n<\/div><div class=\"boxed\"><div class=\"testimonial item\">\n\n<div class=\"text\">\n\t<span class=\"quote\">&#8220;<\/span>\n\t\tJ\u2019ai eu la chance de faire partie des premiers \u00e9l\u00e8ves d\u2019Emmanuelle, et je recommande vivement ses s\u00e9ances. Emmanuelle est anim\u00e9e par le d\u00e9sir de transmettre du bien-\u00eatre en nous proposant diff\u00e9rentes techniques de sophrologie. Elle est tr\u00e8s \u00e0 l\u2019\u00e9coute et investie dans sa mission. La sophrologie permet de s\u2019octroyer un temps pour se recentrer sur soi, nous apporter du calme, et les s\u00e9ances d'Emmanuelle sont tr\u00e8s efficaces pour cela. En plus, on repart avec un enregistrement de la s\u00e9ance, ce qui permet de refaire et refaire, ce qui est primordial pour acqu\u00e9rir les bons r\u00e9flexes et int\u00e9grer la sophrologie dans son quotidien.\t\n<\/div>\n\n\n\n\t<div class=\"client-info\">\n\t\t\t<h6>C\u00e9line Carbonnier<\/h6>\n\t\t\t\t\t\n\t\t\t\t\t\t\t\n\t\t\t\t\n\t<\/div>\n<\/div>\n<\/div><div class=\"boxed\"><div class=\"testimonial item\">\n\n<div class=\"text\">\n\t<span class=\"quote\">&#8220;<\/span>\n\t\tCela fait quelques semaines que je participe \u00e0 des s\u00e9ances de sophrologie men\u00e9 par Emmanuelle de Montalier.\r\nElle a su imm\u00e9diatement identifier mes besoins et m'a permis de prendre conscience des outils que j'ai en ma possession. \r\nSa bienveillance m'a servi \u00e0 me sentir \u00e0 l'aise et en s\u00e9curit\u00e9. \r\nJe me suis tr\u00e8s vite connect\u00e9e avec moi-m\u00eame gr\u00e2ce \u00e0 sa voix douce et apaisante.\t\n<\/div>\n\n\n\n\t<div class=\"client-info\">\n\t\t\t<h6>Gwendoline Dupr\u00e9<\/h6>\n\t\t\t\t\t\n\t\t\t\t\t\t\t\n\t\t\t\t\n\t<\/div>\n<\/div>\n<\/div>\r\n\t\t\t\t\t<\/div>\r\n\t\t\t\t\t\r\n\t\t\t\t<div id=\"testimonial-dynamicID-257250-dots\" class=\"dots-holder\">\r\n\t\t\t\t<\/div>\r\n\t\t\t\r\n\t\t\t\t\t\r\n\t\t\t\t<\/div>\r\n\t\t\t\t\t<\/div>\n\t\t\t\t<\/div>\n\t\t\t\t\t<\/div>\n\t\t<\/div>\n\t\t\t\t\t<\/div>\n\t\t<\/section>\n\t\t\t\t<section class=\"elementor-section elementor-top-section elementor-element elementor-element-0698bef elementor-section-boxed elementor-section-height-default elementor-section-height-default default-style\" data-id=\"0698bef\" data-element_type=\"section\" data-settings=\"{&quot;rt_color_sets&quot;:&quot;default-style&quot;}\">\n\t\t\t\t\t\t<div class=\"elementor-container elementor-column-gap-default\">\n\t\t\t\t\t<div class=\"elementor-column elementor-col-100 elementor-top-column elementor-element elementor-element-f9b0aa8\" data-id=\"f9b0aa8\" data-element_type=\"column\">\n\t\t\t<div class=\"elementor-widget-wrap elementor-element-populated\">\n\t\t\t\t\t\t\t<\/div>\n\t\t<\/div>\n\t\t\t\t\t<\/div>\n\t\t<\/section>\n\t\t\t\t<\/div>\n\t\t","protected":false},"excerpt":{"rendered":"<p>\u201cLe plus grand voyageur n\u2019est pas celui qui a fait 10 fois le tour du monde,mais celui qui a fait 1 seule fois le tour de lui-m\u00eame.\u201d Gandhi Emmanuelle de Montalier, Sophrologue Cayc\u00e9dienne Master Sp\u00e9cialiste \u00e0 Lille et membre du r\u00e9seau Sophro&rsquo;Atypique. Le mieux-\u00eatre et la s\u00e9r\u00e9nit\u00e9, face au stress, \u00e0 nos \u00e9motions n\u00e9gatives et [&hellip;]<\/p>\n","protected":false},"author":1,"featured_media":0,"parent":0,"menu_order":0,"comment_status":"closed","ping_status":"closed","template":"","meta":{"footnotes":""},"class_list":["post-7","page","type-page","status-publish","hentry"],"_links":{"self":[{"href":"https:\/\/demontalier-sophrologie.fr\/index.php\/wp-json\/wp\/v2\/pages\/7","targetHints":{"allow":["GET"]}}],"collection":[{"href":"https:\/\/demontalier-sophrologie.fr\/index.php\/wp-json\/wp\/v2\/pages"}],"about":[{"href":"https:\/\/demontalier-sophrologie.fr\/index.php\/wp-json\/wp\/v2\/types\/page"}],"author":[{"embeddable":true,"href":"https:\/\/demontalier-sophrologie.fr\/index.php\/wp-json\/wp\/v2\/users\/1"}],"replies":[{"embeddable":true,"href":"https:\/\/demontalier-sophrologie.fr\/index.php\/wp-json\/wp\/v2\/comments?post=7"}],"version-history":[{"count":275,"href":"https:\/\/demontalier-sophrologie.fr\/index.php\/wp-json\/wp\/v2\/pages\/7\/revisions"}],"predecessor-version":[{"id":1464,"href":"https:\/\/demontalier-sophrologie.fr\/index.php\/wp-json\/wp\/v2\/pages\/7\/revisions\/1464"}],"wp:attachment":[{"href":"https:\/\/demontalier-sophrologie.fr\/index.php\/wp-json\/wp\/v2\/media?parent=7"}],"curies":[{"name":"wp","href":"https:\/\/api.w.org\/{rel}","templated":true}]}}