{"id":114,"date":"2022-08-20T15:05:11","date_gmt":"2022-08-20T13:05:11","guid":{"rendered":"http:\/\/demontalier-sophrologie.fr\/?page_id=114"},"modified":"2025-07-21T08:32:47","modified_gmt":"2025-07-21T06:32:47","slug":"qui-suis-je","status":"publish","type":"page","link":"https:\/\/demontalier-sophrologie.fr\/index.php\/qui-suis-je\/","title":{"rendered":"Qui suis-je ?"},"content":{"rendered":"\t\t<div data-elementor-type=\"wp-page\" data-elementor-id=\"114\" class=\"elementor elementor-114\">\n\t\t\t\t\t\t<section class=\"elementor-section elementor-top-section elementor-element elementor-element-448aaed elementor-section-boxed elementor-section-height-default elementor-section-height-default default-style\" data-id=\"448aaed\" data-element_type=\"section\" data-settings=\"{&quot;background_background&quot;:&quot;classic&quot;,&quot;rt_color_sets&quot;:&quot;default-style&quot;}\">\n\t\t\t\t\t\t<div class=\"elementor-container elementor-column-gap-default\">\n\t\t\t\t\t<div class=\"elementor-column elementor-col-66 elementor-top-column elementor-element elementor-element-2271d35\" data-id=\"2271d35\" data-element_type=\"column\">\n\t\t\t<div class=\"elementor-widget-wrap elementor-element-populated\">\n\t\t\t\t\t\t<div class=\"elementor-element elementor-element-86464f1 elementor-widget elementor-widget-text-editor\" data-id=\"86464f1\" data-element_type=\"widget\" data-widget_type=\"text-editor.default\">\n\t\t\t\t<div class=\"elementor-widget-container\">\n\t\t\t\t\t\t\t<h2 style=\"margin-top: 0px;\">Qui suis-je ?<\/h2><p>Je suis <strong>Sophrologue certifi\u00e9e Cayc\u00e9dienne,<\/strong> dipl\u00f4m\u00e9e de l\u2019Ecole de Sophrologie Cayc\u00e9dienne du Nord \u00e0 Lille et du <strong>master sp\u00e9cialis\u00e9 Sofrocay<\/strong>.<\/p><p>Je suis<span class=\"wixui-rich-text__text\">\u00a0sp\u00e9cialis\u00e9e dans l&rsquo;accompagnement de chacun pour <strong>la gestion du stress, des \u00e9motions et de la fatigue,<\/strong> tout en favorisant un <strong>\u00e9quilibre entre le corps et l\u2019esprit.<\/strong><\/span><span class=\"wixui-rich-text__text\"><strong>\u00a0<\/strong>J\u2019interviens aupr\u00e8s des enfants, adolescents, adultes et seniors en s\u00e9ances individuelles ou en groupe, dans un cadre bienveillant et personnalis\u00e9.<\/span><\/p><p>Je fais partie du R\u00e9seau National <strong>\u00ab\u00a0Sophro\u2019Atypiques\u00a0\u00bb<\/strong>, d\u00e9di\u00e9 \u00e0 l\u2019accompagnement des personnes neuroatypiques. Je suis \u00e9galement en lien avec des <strong>professionnels de l\u2019enfance<\/strong> (psychologues, orthophonistes, psychomotriciens\u2026).<br \/>Ces \u00e9changes nourrissent ma pratique et me permettent d\u2019ajuster au mieux mes accompagnements.<\/p><p>J\u2019ai travaill\u00e9 20 ans en entreprise dans plusieurs domaines (\u00e9v\u00e9nementiel, commercial, \u00e9ducation etc) \u00e0 Paris, Londres, Lyon, Nantes et Lille, tout en fondant ma famille.<\/p><p>Apr\u00e8s ce bel apprentissage professionnel et personnel que la vie m\u2019a apport\u00e9, j\u2019ai eu envie de prendre le chemin de ma mission de vie. Je l\u2019ai d\u00e9couvert gr\u00e2ce \u00e0 la sophrologie qui m\u2019a fait vivre une belle transformation. J\u2019\u00e9tais convaincue de la m\u00e9thode, et c\u2019est ainsi que j\u2019ai voulu m\u2019engager dans cette profession en accord avec mes valeurs et ma nature profonde.<\/p><p><b>Je vous fais d\u00e9couvrir et vous fais b\u00e9n\u00e9ficier des bienfaits de la sophrologie <\/b><strong style=\"color: var( --e-global-color-text ); font-family: var( --e-global-typography-text-font-family ), Sans-serif;\">en cabinet ainsi que dans les structures diverses :<\/strong><span style=\"color: var( --e-global-color-text ); font-family: var( --e-global-typography-text-font-family ), Sans-serif; font-weight: var( --e-global-typography-text-font-weight );\"> cr\u00e8ches, \u00e9coles, caf\u00e9s kids friendly, collectivit\u00e9s, associations, clubs de sport, entreprises, ehpad&#8230; Cela peut-\u00eatre en pr\u00e9sentiel ou en ligne.<\/span><\/p><p class=\"font_8 wixui-rich-text__text\"><strong><span class=\"wixui-rich-text__text\">Mes domaines de sp\u00e9cialisation :<\/span><\/strong><\/p><ul><li class=\"font_8 wixui-rich-text__text\">Enfants, ados et adultes neuro-atypiques et troubles de l\u2019apprentissage (Dys, TDAH, HP, TSA&#8230;)<\/li><\/ul><ul class=\"font_8 wixui-rich-text__text\"><li class=\"wixui-rich-text__text\"><p class=\"font_8 wixui-rich-text__text\"><span class=\"wixui-rich-text__text\">Neurosciences et petite enfance<\/span><\/p><\/li><li class=\"wixui-rich-text__text\"><p class=\"font_8 wixui-rich-text__text\"><span class=\"wixui-rich-text__text\">Adultes en burn out\/d\u00e9pression\/troubles anxieux\/douleurs chroniques ou d\u00e9veloppement personnel<\/span><\/p><\/li><li class=\"wixui-rich-text__text\"><p class=\"font_8 wixui-rich-text__text\"><span class=\"wixui-rich-text__text\">Alimentation consciente<\/span><\/p><\/li><li class=\"wixui-rich-text__text\"><p class=\"font_8 wixui-rich-text__text\"><span class=\"wixui-rich-text__text\">P\u00e9dagogie Sophrologie Ludique en entreprise (bien-\u00eatre et performance) et dans les \u00e9coles (soft skills)<\/span><\/p><\/li><li class=\"wixui-rich-text__text\"><p class=\"font_8 wixui-rich-text__text\"><span class=\"wixui-rich-text__text\">Addictions \u00e9crans et r\u00e9seaux sociaux (enfants, ados et adultes)<\/span><\/p><\/li><li class=\"wixui-rich-text__text\"><p class=\"font_8 wixui-rich-text__text\"><span class=\"wixui-rich-text__text\">Seniors<\/span><\/p><\/li><\/ul>\t\t\t\t\t\t<\/div>\n\t\t\t\t<\/div>\n\t\t\t\t\t<\/div>\n\t\t<\/div>\n\t\t\t\t<div class=\"elementor-column elementor-col-33 elementor-top-column elementor-element elementor-element-8847095\" data-id=\"8847095\" data-element_type=\"column\">\n\t\t\t<div class=\"elementor-widget-wrap elementor-element-populated\">\n\t\t\t\t\t\t<div class=\"elementor-element elementor-element-ce4f8aa elementor-widget elementor-widget-image\" data-id=\"ce4f8aa\" data-element_type=\"widget\" data-widget_type=\"image.default\">\n\t\t\t\t<div class=\"elementor-widget-container\">\n\t\t\t\t\t\t\t\t\t\t\t\t\t<img fetchpriority=\"high\" decoding=\"async\" width=\"768\" height=\"768\" src=\"https:\/\/demontalier-sophrologie.fr\/wp-content\/uploads\/2022\/11\/emmanuelle-de-montalier-768x768.jpg\" class=\"attachment-medium_large size-medium_large wp-image-885\" alt=\"Emmanuelle de Montalier - Sophrologue\" srcset=\"https:\/\/demontalier-sophrologie.fr\/wp-content\/uploads\/2022\/11\/emmanuelle-de-montalier-768x768.jpg 768w, https:\/\/demontalier-sophrologie.fr\/wp-content\/uploads\/2022\/11\/emmanuelle-de-montalier-300x300.jpg 300w, https:\/\/demontalier-sophrologie.fr\/wp-content\/uploads\/2022\/11\/emmanuelle-de-montalier-150x150.jpg 150w, https:\/\/demontalier-sophrologie.fr\/wp-content\/uploads\/2022\/11\/emmanuelle-de-montalier-500x500.jpg 500w, https:\/\/demontalier-sophrologie.fr\/wp-content\/uploads\/2022\/11\/emmanuelle-de-montalier-915x915.jpg 915w, https:\/\/demontalier-sophrologie.fr\/wp-content\/uploads\/2022\/11\/emmanuelle-de-montalier-600x600.jpg 600w, https:\/\/demontalier-sophrologie.fr\/wp-content\/uploads\/2022\/11\/emmanuelle-de-montalier-393x393.jpg 393w, https:\/\/demontalier-sophrologie.fr\/wp-content\/uploads\/2022\/11\/emmanuelle-de-montalier-290x290.jpg 290w, https:\/\/demontalier-sophrologie.fr\/wp-content\/uploads\/2022\/11\/emmanuelle-de-montalier-100x100.jpg 100w, https:\/\/demontalier-sophrologie.fr\/wp-content\/uploads\/2022\/11\/emmanuelle-de-montalier.jpg 1000w\" sizes=\"(max-width: 768px) 100vw, 768px\" \/>\t\t\t\t\t\t\t\t\t\t\t\t\t<\/div>\n\t\t\t\t<\/div>\n\t\t\t\t<div class=\"elementor-element elementor-element-1a9ecc6 elementor-widget elementor-widget-image\" data-id=\"1a9ecc6\" data-element_type=\"widget\" data-widget_type=\"image.default\">\n\t\t\t\t<div class=\"elementor-widget-container\">\n\t\t\t\t\t\t\t\t\t\t\t\t\t<img decoding=\"async\" width=\"724\" height=\"1024\" src=\"https:\/\/demontalier-sophrologie.fr\/wp-content\/uploads\/2025\/07\/logo-sophroatypique-jpg-724x1024.jpg\" class=\"attachment-large size-large wp-image-1474\" alt=\"logo Sophro&#039;Atypiqiue\" srcset=\"https:\/\/demontalier-sophrologie.fr\/wp-content\/uploads\/2025\/07\/logo-sophroatypique-jpg-724x1024.jpg 724w, https:\/\/demontalier-sophrologie.fr\/wp-content\/uploads\/2025\/07\/logo-sophroatypique-jpg-212x300.jpg 212w, https:\/\/demontalier-sophrologie.fr\/wp-content\/uploads\/2025\/07\/logo-sophroatypique-jpg-768x1086.jpg 768w, https:\/\/demontalier-sophrologie.fr\/wp-content\/uploads\/2025\/07\/logo-sophroatypique-jpg-1086x1536.jpg 1086w, https:\/\/demontalier-sophrologie.fr\/wp-content\/uploads\/2025\/07\/logo-sophroatypique-jpg-1448x2048.jpg 1448w, https:\/\/demontalier-sophrologie.fr\/wp-content\/uploads\/2025\/07\/logo-sophroatypique-jpg-992x1403.jpg 992w, https:\/\/demontalier-sophrologie.fr\/wp-content\/uploads\/2025\/07\/logo-sophroatypique-jpg-1220x1725.jpg 1220w, https:\/\/demontalier-sophrologie.fr\/wp-content\/uploads\/2025\/07\/logo-sophroatypique-jpg-915x1294.jpg 915w, https:\/\/demontalier-sophrologie.fr\/wp-content\/uploads\/2025\/07\/logo-sophroatypique-jpg-600x849.jpg 600w, https:\/\/demontalier-sophrologie.fr\/wp-content\/uploads\/2025\/07\/logo-sophroatypique-jpg-393x556.jpg 393w, https:\/\/demontalier-sophrologie.fr\/wp-content\/uploads\/2025\/07\/logo-sophroatypique-jpg-290x410.jpg 290w, https:\/\/demontalier-sophrologie.fr\/wp-content\/uploads\/2025\/07\/logo-sophroatypique-jpg-scaled.jpg 1810w\" sizes=\"(max-width: 724px) 100vw, 724px\" \/>\t\t\t\t\t\t\t\t\t\t\t\t\t<\/div>\n\t\t\t\t<\/div>\n\t\t\t\t\t<\/div>\n\t\t<\/div>\n\t\t\t\t\t<\/div>\n\t\t<\/section>\n\t\t\t\t<section class=\"elementor-section elementor-top-section elementor-element elementor-element-9b29851 elementor-section-boxed elementor-section-height-default elementor-section-height-default default-style\" data-id=\"9b29851\" data-element_type=\"section\" data-settings=\"{&quot;background_background&quot;:&quot;classic&quot;,&quot;rt_color_sets&quot;:&quot;default-style&quot;}\">\n\t\t\t\t\t\t<div class=\"elementor-container elementor-column-gap-default\">\n\t\t\t\t\t<div class=\"elementor-column elementor-col-100 elementor-top-column elementor-element elementor-element-50d04aa\" data-id=\"50d04aa\" data-element_type=\"column\">\n\t\t\t<div class=\"elementor-widget-wrap elementor-element-populated\">\n\t\t\t\t\t\t<div class=\"elementor-element elementor-element-d2b208f elementor-widget elementor-widget-text-editor\" data-id=\"d2b208f\" data-element_type=\"widget\" data-widget_type=\"text-editor.default\">\n\t\t\t\t<div class=\"elementor-widget-container\">\n\t\t\t\t\t\t\t<p>C\u2019est un m\u00e9tier humain qui me passionne.<br \/>Mon d\u00e9sir le plus profond est de faire prendre conscience que la cl\u00e9 du bonheur est en nous. Sur la base de mes connaissances sans cesse renouvel\u00e9es, de ma passion pour les neurosciences, de ma personnalit\u00e9, de mes pratiques et de mon exp\u00e9rience, je vous apprends \u00e0 prendre soin de vous tout en conscience.<br \/><strong>Je travaille avec mon c\u0153ur et vous accompagne avec bienveillance, sans jugement.<\/strong><\/p><p><span class=\"wixui-rich-text__text\"><strong>Mon objectif<\/strong> <strong>est de guider chaque personne sur son chemin personnel, vers plus de libert\u00e9 int\u00e9rieure, d\u2019amour de soi, de s\u00e9r\u00e9nit\u00e9 et de connexion \u00e0 ses valeurs profondes.<\/strong><\/span><\/p>\t\t\t\t\t\t<\/div>\n\t\t\t\t<\/div>\n\t\t\t\t\t<\/div>\n\t\t<\/div>\n\t\t\t\t\t<\/div>\n\t\t<\/section>\n\t\t\t\t<section class=\"elementor-section elementor-top-section elementor-element elementor-element-d3039ec rt-el-parallax-background elementor-hidden-mobile elementor-section-boxed elementor-section-height-default elementor-section-height-default default-style\" data-id=\"d3039ec\" data-element_type=\"section\" data-settings=\"{&quot;background_background&quot;:&quot;classic&quot;,&quot;rt_parallax&quot;:&quot;rt-el-parallax-background&quot;,&quot;rt_color_sets&quot;:&quot;default-style&quot;,&quot;rt_bg_parallax_effect&quot;:&quot;3&quot;,&quot;rt_bg_parallax_speed&quot;:&quot;1&quot;}\">\n\t\t\t\t\t\t<div class=\"elementor-container elementor-column-gap-default\">\n\t\t\t\t\t<div class=\"elementor-column elementor-col-50 elementor-top-column elementor-element elementor-element-54ca218\" data-id=\"54ca218\" data-element_type=\"column\">\n\t\t\t<div class=\"elementor-widget-wrap elementor-element-populated\">\n\t\t\t\t\t\t<div class=\"elementor-element elementor-element-17e07fd animated-slow elementor-invisible elementor-widget elementor-widget-text-editor\" data-id=\"17e07fd\" data-element_type=\"widget\" data-settings=\"{&quot;_animation&quot;:&quot;slideInUp&quot;}\" data-widget_type=\"text-editor.default\">\n\t\t\t\t<div class=\"elementor-widget-container\">\n\t\t\t\t\t\t\t<p><em style=\"color: #316991; font-style: italic; font-size: 1.4em;\">\u201cJ\u2019accepte la grande aventure d\u2019\u00eatre moi\u201d<\/em><\/p><p>Simone de Beauvoir<\/p>\t\t\t\t\t\t<\/div>\n\t\t\t\t<\/div>\n\t\t\t\t\t<\/div>\n\t\t<\/div>\n\t\t\t\t<div class=\"elementor-column elementor-col-50 elementor-top-column elementor-element elementor-element-f3b17ed\" data-id=\"f3b17ed\" data-element_type=\"column\">\n\t\t\t<div class=\"elementor-widget-wrap\">\n\t\t\t\t\t\t\t<\/div>\n\t\t<\/div>\n\t\t\t\t\t<\/div>\n\t\t<\/section>\n\t\t\t\t<section class=\"elementor-section elementor-top-section elementor-element elementor-element-6070685 rt-el-parallax-background elementor-hidden-desktop elementor-hidden-tablet elementor-section-boxed elementor-section-height-default elementor-section-height-default default-style\" data-id=\"6070685\" data-element_type=\"section\" data-settings=\"{&quot;background_background&quot;:&quot;classic&quot;,&quot;rt_parallax&quot;:&quot;rt-el-parallax-background&quot;,&quot;rt_color_sets&quot;:&quot;default-style&quot;,&quot;rt_bg_parallax_effect&quot;:&quot;3&quot;,&quot;rt_bg_parallax_speed&quot;:&quot;1&quot;}\">\n\t\t\t\t\t\t<div class=\"elementor-container elementor-column-gap-default\">\n\t\t\t\t\t<div class=\"elementor-column elementor-col-100 elementor-top-column elementor-element elementor-element-f8e421a\" data-id=\"f8e421a\" data-element_type=\"column\">\n\t\t\t<div class=\"elementor-widget-wrap elementor-element-populated\">\n\t\t\t\t\t\t<div class=\"elementor-element elementor-element-80757cf animated-slow elementor-invisible elementor-widget elementor-widget-text-editor\" data-id=\"80757cf\" data-element_type=\"widget\" data-settings=\"{&quot;_animation&quot;:&quot;slideInUp&quot;}\" data-widget_type=\"text-editor.default\">\n\t\t\t\t<div class=\"elementor-widget-container\">\n\t\t\t\t\t\t\t<p><em style=\"color: #316991; font-style: italic; font-size: 1.4em;\">\u201cJ\u2019accepte la grande aventure d\u2019\u00eatre moi\u201d<\/em><\/p><p><span style=\"color: var( --e-global-color-text ); font-family: var( --e-global-typography-text-font-family ), Sans-serif; font-weight: var( --e-global-typography-text-font-weight );\">Simone de Beauvoir<\/span><\/p>\t\t\t\t\t\t<\/div>\n\t\t\t\t<\/div>\n\t\t\t\t\t<\/div>\n\t\t<\/div>\n\t\t\t\t\t<\/div>\n\t\t<\/section>\n\t\t\t\t<section class=\"elementor-section elementor-top-section elementor-element elementor-element-3dd5c28 elementor-section-boxed elementor-section-height-default elementor-section-height-default default-style\" data-id=\"3dd5c28\" data-element_type=\"section\" data-settings=\"{&quot;rt_color_sets&quot;:&quot;default-style&quot;}\">\n\t\t\t\t\t\t<div class=\"elementor-container elementor-column-gap-default\">\n\t\t\t\t\t<div class=\"elementor-column elementor-col-100 elementor-top-column elementor-element elementor-element-00feaa0\" data-id=\"00feaa0\" data-element_type=\"column\">\n\t\t\t<div class=\"elementor-widget-wrap\">\n\t\t\t\t\t\t\t<\/div>\n\t\t<\/div>\n\t\t\t\t\t<\/div>\n\t\t<\/section>\n\t\t\t\t<\/div>\n\t\t","protected":false},"excerpt":{"rendered":"<p>Qui suis-je ? Je suis Sophrologue certifi\u00e9e Cayc\u00e9dienne, dipl\u00f4m\u00e9e de l\u2019Ecole de Sophrologie Cayc\u00e9dienne du Nord \u00e0 Lille et du master sp\u00e9cialis\u00e9 Sofrocay. Je suis\u00a0sp\u00e9cialis\u00e9e dans l&rsquo;accompagnement de chacun pour la gestion du stress, des \u00e9motions et de la fatigue, tout en favorisant un \u00e9quilibre entre le corps et l\u2019esprit.\u00a0J\u2019interviens aupr\u00e8s des enfants, adolescents, adultes [&hellip;]<\/p>\n","protected":false},"author":1,"featured_media":0,"parent":0,"menu_order":0,"comment_status":"closed","ping_status":"closed","template":"","meta":{"footnotes":""},"class_list":["post-114","page","type-page","status-publish","hentry"],"_links":{"self":[{"href":"https:\/\/demontalier-sophrologie.fr\/index.php\/wp-json\/wp\/v2\/pages\/114","targetHints":{"allow":["GET"]}}],"collection":[{"href":"https:\/\/demontalier-sophrologie.fr\/index.php\/wp-json\/wp\/v2\/pages"}],"about":[{"href":"https:\/\/demontalier-sophrologie.fr\/index.php\/wp-json\/wp\/v2\/types\/page"}],"author":[{"embeddable":true,"href":"https:\/\/demontalier-sophrologie.fr\/index.php\/wp-json\/wp\/v2\/users\/1"}],"replies":[{"embeddable":true,"href":"https:\/\/demontalier-sophrologie.fr\/index.php\/wp-json\/wp\/v2\/comments?post=114"}],"version-history":[{"count":162,"href":"https:\/\/demontalier-sophrologie.fr\/index.php\/wp-json\/wp\/v2\/pages\/114\/revisions"}],"predecessor-version":[{"id":1477,"href":"https:\/\/demontalier-sophrologie.fr\/index.php\/wp-json\/wp\/v2\/pages\/114\/revisions\/1477"}],"wp:attachment":[{"href":"https:\/\/demontalier-sophrologie.fr\/index.php\/wp-json\/wp\/v2\/media?parent=114"}],"curies":[{"name":"wp","href":"https:\/\/api.w.org\/{rel}","templated":true}]}}